{"id":222,"date":"2020-01-13T17:00:43","date_gmt":"2020-01-13T15:00:43","guid":{"rendered":"http:\/\/vermietung-uhlig.de\/?page_id=222"},"modified":"2024-12-21T11:56:08","modified_gmt":"2024-12-21T09:56:08","slug":"ankaufsprofil","status":"publish","type":"page","link":"https:\/\/vermietung-uhlig.de\/?page_id=222","title":{"rendered":"Ankaufsprofil"},"content":{"rendered":"\n<p>Update:  <strong>Es besteht aktuell vor allem Interesse an Mieth\u00e4usern, in Regensburg +10 km mit Aufwertungspotential oder Leerstand  <\/strong><\/p>\n\n\n<p><!--StartFragment--><\/p>\n\n\n<figure class=\"wp-block-table\"><table><tbody><tr><td><strong>VOLUMEN   <\/strong><\/td><td> 1 Mio. bis 5 Mio. EUR   <\/td><\/tr><tr><td>\n  <strong>IM FOKUS<\/strong>\n  <\/td><td>1. Entwicklungsf\u00e4hige Mehrfamilienh\u00e4user und Wohnanlagen<br><br>2. Grundst\u00fcck bebaubar mit MFH mind. 6WE<br>   <\/td><\/tr><tr><td>\n  <strong>LAGE<\/strong>\n  <\/td><td>Regensburg +10 km   <\/td><\/tr><tr><td>\n  <strong>WIRTSCHAFTLICH<\/strong>\n  <\/td><td>Auch mit Leerstand, Renovierungsstau, besonderen Vertragskonstellationen,   Problemmieter, s\u00e4umige Mieter   <\/td><\/tr><tr><td>\n  <strong>ZUSTAND<\/strong>\n  <\/td><td>Gerne renovierungs-\/sanierungsbed\u00fcrftig, teilsaniertem Zustand, mit Aufwertungspotential<\/td><\/tr><\/tbody><\/table><\/figure>\n\n\n\n<p><\/p>\n\n\n\n<p>Die Liegenschaften sollten \u00fcber laufende Mieteink\u00fcnfte verf\u00fcgen. Von Interesse sind insbesondere auch Objekte mit Bewirtschaftungsdefiziten, niedrigem Mietniveau, Bausch\u00e4den oder Instandhaltungsstau und Immobilien aus Sondersituationen.<\/p>\n\n\n\n<p>Die angekauften Best\u00e4nde werden neu positioniert, technisch wie\nkaufm\u00e4nnisch nach Bedarf aufgewertet und langfristig im Bestand gehalten<\/p>\n\n\n\n<p><strong>Ihr Angebot<\/strong><\/p>\n\n\n\n<p>Wenn Ihr Objekt den genannten Ankaufskriterien entspricht, senden Sie uns bitte erste Objektinformationen inkl. einiger Fotos nebst Preisvorstellung. Nach Sichtung der Unterlagen k\u00f6nnen wir Ihnen zeitnah eine erste Einsch\u00e4tzung \u00fcbermitteln, ob ein Investment f\u00fcr uns in Frage kommt.<\/p>\n\n\n\n<p><strong>Unser Versprechen:<\/strong><\/p>\n\n\n\n<p>Wir erwerben Immobilien zu <strong>fairen Marktpreisen<\/strong>. Die Abwicklung erfolgt selbstverst\u00e4ndlich diskret, kompetent und zuverl\u00e4ssig. Sobald wir uns \u00fcber den Kaufpreis und alle weiteren Formalit\u00e4ten einig sind, erfolgt die Zahlung des Kaufpreises vorbehaltlos kurzfristig nach Mitteilung durch den Notar.<\/p>\n\n\n\n<p>Wenn Ihr Objekt den genannten Ankaufskriterien entspricht, rufen Sie uns  an  ( 01 7 5 &#8211; 8 7 4 7 1 6 1 )  oder senden Sie uns erste Objektinformationen per Email zu.<\/p>\n\n\n\n<p> <strong>Tippgeber:<\/strong> <\/p>\n\n\n\n<p>F\u00fcr einen Tipp bez\u00fcglich einer Immobilie welche zum Verkauf steht und noch nicht \u00f6ffentlich inseriert ist zahlen wir eine Tippgeberprovision, vorrausgesetzt Ihr Tipp f\u00fchrt zum Ankauf des Objektes.<\/p>\n\n\n\n<p>ETW und keleine Grundst\u00fccke: 500 EUR <\/p>\n\n\n\n<p>Mehrfamilienh\u00e4user oder gro\u00dfe Grundst\u00fccke bis zu 2.000 EUR<\/p>\n\n\n\n<p>Die Povision wird ausbezahlt sobald die Eigentumsumschreibung im Grundbuch vollzogen ist. Das kann auch im Vorfeld schriftlich garantiert werden.<\/p>\n\n\n<p><!--EndFragment--><\/p>\n\n\n<\/p>\n<p>Wenn Ihr Objekt den genannten Ankaufskriterien entspricht, rufen Sie uns an oder senden Sie uns erste Objektinformationen zu.<\/p>\n<p>\n\n\n<p><\/p>","protected":false},"excerpt":{"rendered":"<p>Update: Es besteht aktuell vor allem Interesse an Mieth\u00e4usern, in Regensburg +10 km mit Aufwertungspotential oder Leerstand VOLUMEN 1 Mio. bis 5 Mio. EUR IM FOKUS 1. Entwicklungsf\u00e4hige Mehrfamilienh\u00e4user und Wohnanlagen 2. Grundst\u00fcck bebaubar mit MFH mind. 6WE LAGE Regensburg &hellip; <a href=\"https:\/\/vermietung-uhlig.de\/?page_id=222\">Weiterlesen <span class=\"meta-nav\">&rarr;<\/span><\/a><\/p>\n","protected":false},"author":1,"featured_media":0,"parent":0,"menu_order":0,"comment_status":"closed","ping_status":"closed","template":"","meta":[],"_links":{"self":[{"href":"https:\/\/vermietung-uhlig.de\/index.php?rest_route=\/wp\/v2\/pages\/222"}],"collection":[{"href":"https:\/\/vermietung-uhlig.de\/index.php?rest_route=\/wp\/v2\/pages"}],"about":[{"href":"https:\/\/vermietung-uhlig.de\/index.php?rest_route=\/wp\/v2\/types\/page"}],"author":[{"embeddable":true,"href":"https:\/\/vermietung-uhlig.de\/index.php?rest_route=\/wp\/v2\/users\/1"}],"replies":[{"embeddable":true,"href":"https:\/\/vermietung-uhlig.de\/index.php?rest_route=%2Fwp%2Fv2%2Fcomments&post=222"}],"version-history":[{"count":7,"href":"https:\/\/vermietung-uhlig.de\/index.php?rest_route=\/wp\/v2\/pages\/222\/revisions"}],"predecessor-version":[{"id":335,"href":"https:\/\/vermietung-uhlig.de\/index.php?rest_route=\/wp\/v2\/pages\/222\/revisions\/335"}],"wp:attachment":[{"href":"https:\/\/vermietung-uhlig.de\/index.php?rest_route=%2Fwp%2Fv2%2Fmedia&parent=222"}],"curies":[{"name":"wp","href":"https:\/\/api.w.org\/{rel}","templated":true}]}}